{"id":16922,"date":"2019-06-12T14:48:27","date_gmt":"2019-06-12T11:48:27","guid":{"rendered":"https:\/\/www.nurol.com.tr\/?page_id=16922"},"modified":"2019-06-13T09:21:53","modified_gmt":"2019-06-13T06:21:53","slug":"personal-data-protection","status":"publish","type":"page","link":"https:\/\/www.nurol.com.tr\/en\/personal-data-protection","title":{"rendered":"Personal Data Protection"},"content":{"rendered":"<h5>Gizlilik Politikas\u0131<\/h5>\n<p>NUROL HOLD\u0130NG A.\u015e\u2019nin (&#8220;Nurol Holding&#8221;) kullan\u0131c\u0131lar\u0131n (\u201cKullan\u0131c\u0131(lar)\u201d) arzusuna ba\u011fl\u0131 olarak web sitesi (\u201cWeb Sitesi\u201d) \u00fczerinden elde etti\u011fi ki\u015fisel verileri toplarken ve kullan\u0131rken izledi\u011fi prensipler bu Gizlilik Politikas\u0131\u2019nda d\u00fczenlenmektedir.<\/p>\n<h4>Toplanabilecek Ki\u015fisel Veriler<\/h4>\n<p>Nurol Holding, Web Sitesi \u00fczerinde, Kullan\u0131c\u0131lar\u0131n arzusuna ba\u011fl\u0131 olarak Kullan\u0131c\u0131\u2019n\u0131n kimlik bilgilerini, e-posta adresi, telefon numaras\u0131 gibi ileti\u015fim bilgilerini, Web Sitesi\u2019ne konu hizmetlerin ifa edilmesi i\u00e7in gerekli olabilecek ve Ki\u015fisel Verilerin Korunmas\u0131 Kanunu ve ilgili t\u00fcm mevzuat uyar\u0131nca ki\u015fisel veri say\u0131lan sair bilgileri toplayabilecektir. Kullan\u0131c\u0131, kendi arzusu do\u011frultusunda Nurol Holding ile payla\u015fabilece\u011fi verilerin i\u015fbu Gizlilik Politikas\u0131\u2019nda belirtilen kapsamda, belirtilen ama\u00e7larla i\u015flenmesine a\u00e7\u0131k\u00e7a muvafakat etmektedir.<br \/>\nKi\u015fisel Verilerin Korunmas\u0131 Kanunu\u2019nun 3 ve 7. maddesi uyar\u0131nca, geri d\u00f6nd\u00fcr\u00fclemeyecek \u015fekilde anonim hale getirilen veriler, an\u0131lan kanun h\u00fck\u00fcmleri uyar\u0131nca ki\u015fisel veri olarak kabul edilmeyecek ve bu verilere ili\u015fkin i\u015fleme faaliyetleri i\u015fbu Gizlilik Politikas\u0131 h\u00fck\u00fcmleri ile ba\u011fl\u0131 olmaks\u0131z\u0131n ger\u00e7ekle\u015ftirecektir.<\/p>\n<h4>\u201dCookie\u201d Kullan\u0131m\u0131<\/h4>\n<p>Nurol Holding taraf\u0131ndan, Kullan\u0131c\u0131lar\u2019\u0131n Web Sitesi\u2019ndeki dola\u015f\u0131mlar\u0131 s\u0131ras\u0131nda ziyaret edilen b\u00f6l\u00fcmler, t\u0131klanan alanlar gibi veriler otomatik olarak toplanmaktad\u0131r. &#8220;Cookie&#8221; adl\u0131 teknoloji kullan\u0131larak elde edilen bu veriler istatistiksel bilgilerdir. Bu teknoloji ile ama\u00e7lanan, Kullan\u0131c\u0131lar\u2019\u0131n ziyaret ettikleri b\u00f6l\u00fcmlere ait i\u00e7eri\u011fi, siteye ilk ziyaretlerinden itibaren Kullan\u0131c\u0131 i\u00e7in daha kolay ula\u015f\u0131l\u0131r k\u0131lmakt\u0131r. Taray\u0131c\u0131lar\u0131n pek \u00e7o\u011fu ba\u015fta teknik ileti\u015fim dosyas\u0131 olan bu \u201ccookie\u201dleri kabul eder bi\u00e7imde tasarlanm\u0131\u015ft\u0131r, ancak Kullan\u0131c\u0131lar dilerse teknik ileti\u015fim dosyas\u0131n\u0131n gelmemesi veya teknik ileti\u015fim dosyas\u0131n\u0131n g\u00f6nderildi\u011finde ikaz verilmesini sa\u011flayacak bi\u00e7imde taray\u0131c\u0131 ayarlar\u0131n\u0131 her zaman i\u00e7in de\u011fi\u015ftirebilirler.<\/p>\n<p>Nurol Holding, on-line davran\u0131\u015fsal reklamc\u0131l\u0131k ve pazarlama yap\u0131labilmesi amac\u0131yla Kullan\u0131c\u0131lar\u2019\u0131n Web Sitesi\u2019ndeki davran\u0131\u015flar\u0131n\u0131 taray\u0131c\u0131da bulunan bir \u201ccookie\u201d ile ili\u015fkilendirme ve g\u00f6r\u00fcnt\u00fclenen sayfa say\u0131s\u0131, ziyaret s\u00fcresi ve hedef tamamlama say\u0131s\u0131 gibi metrikleri temel alan yeniden pazarlama listeleri tan\u0131mlama hakk\u0131n\u0131 haizdir. Sonras\u0131nda Kullan\u0131c\u0131\u2019ya Web Sitesi\u2019nde ya da g\u00f6r\u00fcnt\u00fcl\u00fc reklam a\u011f\u0131ndaki di\u011fer sitelerde ilgi alanlar\u0131na g\u00f6re hedefe y\u00f6nelik reklam i\u00e7eri\u011fi g\u00f6sterilebilir.<\/p>\n<h4>Verilerin Kullan\u0131lma Amac\u0131<\/h4>\n<p>Nurol Holding, toplanan ki\u015fisel verileri Kullan\u0131c\u0131\u2019n\u0131n Web Sitesi\u2019nden faydalanabilmesi, Web Sitesi\u2019ne \u00fcyelik s\u00f6z konusu ise \u00fcyelik kayd\u0131n\u0131n ger\u00e7ekle\u015ftirilmesi, sundu\u011fu hizmetlerin iyile\u015ftirilmesi, hizmetin geli\u015ftirilmesi, yeni hizmetlerin tan\u0131t\u0131m\u0131 ve bilgilendirilmesi, bu kapsamda Kullan\u0131c\u0131\u2019ya gerekli bilgilendirilmelerin yap\u0131lmas\u0131, Kullan\u0131c\u0131 ile temas kurulmas\u0131 ve sundu\u011fu hizmetlerin do\u011fas\u0131ndan kaynaklanan y\u00fck\u00fcml\u00fcl\u00fcklerin yerine getirilmesi i\u00e7in i\u015fleyebilir.<\/p>\n<p>S\u00f6z konusu ki\u015fisel veriler Nurol Holding raporlama ve i\u015f geli\u015ftirme faaliyetleri kapsam\u0131nda i\u015flenebilecek, Kullan\u0131c\u0131\u2019n\u0131n kimli\u011fi if\u015fa edilmeden \u00e7e\u015fitli istatistiksel de\u011ferlendirmeler yapma, veri taban\u0131 olu\u015fturma ve pazar ara\u015ft\u0131rmalar\u0131nda bulunma amac\u0131yla da kullan\u0131labilecektir. Kullan\u0131c\u0131\u2019n\u0131n ayr\u0131ca onay vermesi halinde s\u00f6z konusu bilgiler Nurol Holding ve i\u015fbirli\u011finde oldu\u011fu ki\u015filer taraf\u0131ndan do\u011frudan pazarlama yapmak amac\u0131yla i\u015flenebilecek, saklanabilecek, \u00fc\u00e7\u00fcnc\u00fc ki\u015filere iletilebilecek ve s\u00f6z konusu bilgiler \u00fczerinden \u00e7e\u015fitli uygulama, \u00fcr\u00fcn ve hizmetlerin tan\u0131t\u0131m\u0131, bak\u0131m ve destek faaliyetlerine ili\u015fkin bildirimlerde bulunma amac\u0131yla Kullan\u0131c\u0131 ile ileti\u015fime ge\u00e7ilebilecektir.<br \/>\nNurol Holding ayr\u0131ca, Ki\u015fisel Verilerin Korunmas\u0131 Kanunu\u2019nun 5 ve 8. maddeleri uyar\u0131nca ve\/veya ilgili mevzuattaki istisnalar\u0131n varl\u0131\u011f\u0131 halinde ki\u015fisel verileri Kullan\u0131c\u0131\u2019n\u0131n ayr\u0131ca r\u0131zas\u0131n\u0131 almaks\u0131z\u0131n i\u015fleyebilecek ve \u00fc\u00e7\u00fcnc\u00fc ki\u015filerle payla\u015fabilecektir. Bu durumlar\u0131n ba\u015fl\u0131calar\u0131 a\u015fa\u011f\u0131da belirtilmi\u015ftir:<br \/>\n\u2022 Kanunlarda a\u00e7\u0131k\u00e7a \u00f6ng\u00f6r\u00fclmesi,<br \/>\n\u2022 Fiili imkans\u0131zl\u0131k nedeniyle r\u0131zas\u0131n\u0131 a\u00e7\u0131klayamayacak durumda bulunan veya r\u0131zas\u0131na hukuki ge\u00e7erlilik tan\u0131nmayan ki\u015finin kendisinin ya da bir ba\u015fkas\u0131n\u0131n hayat\u0131 veya beden b\u00fct\u00fcnl\u00fc\u011f\u00fcn\u00fcn korunmas\u0131 i\u00e7in zorunlu olmas\u0131,<br \/>\n\u2022 Kullan\u0131c\u0131 ile Nurol Holding aras\u0131nda herhangi bir s\u00f6zle\u015fmenin kurulmas\u0131 veya ifas\u0131yla do\u011frudan do\u011fruya ilgili olmas\u0131 kayd\u0131yla, ki\u015fisel verilerin i\u015flenmesinin gerekli olmas\u0131,<br \/>\n\u2022 Hukuki y\u00fck\u00fcml\u00fcl\u00fcklerin yerine getirilebilmesi i\u00e7in zorunlu olmas\u0131,<br \/>\n\u2022 Kullan\u0131c\u0131\u2019n\u0131n kendisi taraf\u0131ndan alenile\u015ftirilmi\u015f olmas\u0131,<br \/>\n\u2022 Bir hakk\u0131n tesisi, kullan\u0131lmas\u0131 veya korunmas\u0131 i\u00e7in veri i\u015flemenin zorunlu olmas\u0131,<br \/>\n\u2022 Kullan\u0131c\u0131\u2019n\u0131n temel hak ve \u00f6zg\u00fcrl\u00fcklerine zarar vermemek kayd\u0131yla, Nurol Holding\u2019in me\u015fru menfaatleri i\u00e7in veri i\u015flenmesinin zorunlu olmas\u0131.<\/p>\n<h5>Verilerin Payla\u015f\u0131m\u0131<\/h5>\n<p>Nurol Holding, Kullan\u0131c\u0131lar\u2019a ait ki\u015fisel verileri ve bu ki\u015fisel verileri kullanarak elde etti\u011fi yeni verileri Web Sitesi kapsam\u0131nda Kullan\u0131c\u0131\u2019ya sunulan hizmetlerin ifas\u0131 amac\u0131yla hizmetlerinden faydaland\u0131\u011f\u0131 \u00fc\u00e7\u00fcnc\u00fc ki\u015filere, s\u00f6z konusu hizmetlerin temini amac\u0131yla s\u0131n\u0131rl\u0131 olmak \u00fczere aktarabilecektir. Bu kapsamda Nurol Holding, Kullan\u0131c\u0131 deneyiminin geli\u015ftirilmesi (iyile\u015ftirme ve ki\u015fiselle\u015ftirme dahil), Kullan\u0131c\u0131\u2019n\u0131n g\u00fcvenli\u011fini sa\u011flamak, hileli ya da izinsiz kullan\u0131mlar\u0131 tespit etmek, operasyonel de\u011ferlendirme ara\u015ft\u0131r\u0131lmas\u0131, Web Sitesi veya Nurol Holdinghizmetlerine ili\u015fkin hatalar\u0131n giderilmesi ve i\u015fbu Gizlilik Politikas\u0131\u2019nda veya Kullan\u0131c\u0131\u2019ya sunulan sair gizlilik metinlerinde yer alan ama\u00e7lardan herhangi birisini ger\u00e7ekle\u015ftirebilmek i\u00e7in Kullan\u0131c\u0131 verilerini d\u0131\u015f kaynak hizmet sa\u011flay\u0131c\u0131lar\u0131, bar\u0131nd\u0131rma hizmet sa\u011flay\u0131c\u0131lar\u0131 (\u201chosting\u201d servisleri), hukuk b\u00fcrolar\u0131, ara\u015ft\u0131rma \u015firketleri, \u00e7a\u011fr\u0131 merkezleri gibi \u00fc\u00e7\u00fcnc\u00fc ki\u015filer ile payla\u015fabilecektir.<\/p>\n<p>Kullan\u0131c\u0131, yukar\u0131da belirtilen ama\u00e7larla s\u0131n\u0131rl\u0131 olmak kayd\u0131 ile bahsi ge\u00e7en \u00fc\u00e7\u00fcnc\u00fc taraflar\u0131n Kullan\u0131c\u0131\u2019n\u0131n ki\u015fisel verilerini d\u00fcnyan\u0131n herhangi bir yerinde bulunan sunucular\u0131nda saklayabilece\u011fini, bu hususa pe\u015finen muvafakat etti\u011fini kabul eder.<\/p>\n<h5>Kullan\u0131c\u0131\u2019n\u0131n Verilere Eri\u015fim Hakk\u0131 ve D\u00fczeltme Talepleri<\/h5>\n<p>Kullan\u0131c\u0131, Nurol Holding\u2019e ba\u015fvurarak kendisiyle ilgili:<br \/>\n\u2022 Ki\u015fisel veri i\u015flenip i\u015flenmedi\u011fini \u00f6\u011frenme,<br \/>\n\u2022 Ki\u015fisel verileri i\u015flenmi\u015fse buna ili\u015fkin bilgi talep etme,<br \/>\n\u2022 Ki\u015fisel verilerin i\u015flenme amac\u0131n\u0131 ve bunlar\u0131n amac\u0131na uygun kullan\u0131l\u0131p kullan\u0131lmad\u0131\u011f\u0131n\u0131 \u00f6\u011frenme,<br \/>\n\u2022 Yurt i\u00e7inde veya yurt d\u0131\u015f\u0131nda ki\u015fisel verilerin aktar\u0131ld\u0131\u011f\u0131 \u00fc\u00e7\u00fcnc\u00fc ki\u015fileri bilme,<br \/>\n\u2022 Ki\u015fisel verilerin eksik veya yanl\u0131\u015f i\u015flenmi\u015f olmas\u0131 halinde bunlar\u0131n d\u00fczeltilmesini isteme,<br \/>\n\u2022 \u0130lgili mevzuatta \u00f6ng\u00f6r\u00fclen \u015fartlar \u00e7er\u00e7evesinde ki\u015fisel verilerin silinmesini veya yok edilmesini isteme,<br \/>\n\u2022 \u0130lgili mevzuat uyar\u0131nca yap\u0131lan d\u00fczeltme, silme ve yok edilme i\u015flemlerinin, ki\u015fisel verilerin aktar\u0131ld\u0131\u011f\u0131 \u00fc\u00e7\u00fcnc\u00fc ki\u015filere bildirilmesini isteme,<br \/>\n\u2022 \u0130\u015flenen verilerin m\u00fcnhas\u0131ran otomatik sistemler vas\u0131tas\u0131yla analiz edilmesi suretiyle ki\u015finin kendisi aleyhine bir sonucun ortaya \u00e7\u0131kmas\u0131na itiraz etme,<br \/>\n\u2022 Ki\u015fisel verilerin kanuna ayk\u0131r\u0131 olarak i\u015flenmesi sebebiyle zarara u\u011framas\u0131 halinde zarar\u0131n giderilmesini talep etme, haklar\u0131na sahiptir.<\/p>\n<p>Kullan\u0131c\u0131, yukar\u0131da belirtilen taleplerini info@nurol.com.tr adresine yaz\u0131l\u0131 olarak iletebilecektir. Nurol Holding, yukar\u0131da yer alan talepler uyar\u0131nca, gerek\u00e7eli olumlu\/olumsuz yan\u0131t\u0131n\u0131, yaz\u0131l\u0131 veya dijital ortamdan ger\u00e7ekle\u015ftirebilir. Taleplere ili\u015fkin gerekli i\u015flemler i\u00e7in \u00fccret al\u0131nmamas\u0131 esast\u0131r. Bununla birlikte, i\u015flemlerin bir maliyet gerektirmesi halinde, Ki\u015fisel Verilerin Korunmas\u0131 Kurulu taraf\u0131ndan, Ki\u015fisel Verilerin Korunmas\u0131 Kanunu\u2019nun 13. maddesine g\u00f6re belirlenen tarife \u00fczerinden \u00fccret talep edilmesi m\u00fcmk\u00fcnd\u00fcr.<br \/>\nKullan\u0131c\u0131, Nurol Holding\u2019e kendisi taraf\u0131ndan sa\u011flanm\u0131\u015f olan, i\u015fbu Gizlilik Politikas\u0131\u2019na konu bilgilerinin tam, do\u011fru ve g\u00fcncel oldu\u011funu, bu bilgilerde herhangi bir de\u011fi\u015fiklik olmas\u0131 halinde bunlar\u0131 derhal g\u00fcncelleyece\u011fini taahh\u00fct eder. Kullan\u0131c\u0131\u2019n\u0131n g\u00fcncel bilgileri sa\u011flamam\u0131\u015f olmas\u0131 halinde Nurol Holding\u2019in herhangi bir sorumlulu\u011fu olmayacakt\u0131r.<br \/>\nKullan\u0131c\u0131, herhangi bir ki\u015fisel verisinin Nurol Holding taraf\u0131ndan kullan\u0131lamamas\u0131 ile sonu\u00e7lanacak bir talepte bulunmas\u0131 halinde Nurol Holding\u2019in kendisine taahh\u00fct etti\u011fi hizmetlerden tam olarak faydalanamayabilece\u011fini, bu kapsamda do\u011facak her t\u00fcrl\u00fc sorumlulu\u011fun kendisine ait olaca\u011f\u0131n\u0131 kabul ve beyan eder.<\/p>\n<h5>Ki\u015fisel Verilerin Saklama S\u00fcresi<\/h5>\n<p>Nurol Holding , Kullan\u0131c\u0131 taraf\u0131ndan sa\u011flanan ki\u015fisel verileri, sundu\u011fu hizmetlerin mahiyetinden kaynaklanan y\u00fck\u00fcml\u00fcl\u00fcklerin yerine getirilmesi amac\u0131yla, hizmetlerin sa\u011fland\u0131\u011f\u0131 s\u00fcre boyunca saklayacakt\u0131r.<br \/>\nBuna ek olarak, Nurol Holding, Kullan\u0131c\u0131 ile aras\u0131nda do\u011fabilecek herhangi bir uyu\u015fmazl\u0131k durumunda, uyu\u015fmazl\u0131k kapsam\u0131nda gerekli savunmalar\u0131n ger\u00e7ekle\u015ftirilebilmesi amac\u0131yla s\u0131n\u0131rl\u0131 olmak \u00fczere ve ilgili mevzuat uyar\u0131nca belirlenen zamana\u015f\u0131m\u0131 s\u00fcreleri boyunca ki\u015fisel verileri saklayabilecektir.<\/p>\n<h5>Veri G\u00fcvenli\u011fine \u0130li\u015fkin \u00d6nlemler, Taahh\u00fctler ve Sorumluluk<\/h5>\n<p>Nurol Holding, ilgili mevzuatta belirlenen veya i\u015fbu Gizlilik Politikas\u0131\u2019nda ifade edilen \u015fartlarda:<br \/>\n\u2022 ki\u015fisel verilerin hukuka ayk\u0131r\u0131 olarak i\u015flenmemesini,<br \/>\n\u2022 ki\u015fisel verilere hukuka ayk\u0131r\u0131 olarak eri\u015filmemesini ve<br \/>\n\u2022 ki\u015fisel verilerin muhafazas\u0131n\u0131 sa\u011flamak amac\u0131yla uygun g\u00fcvenlik d\u00fczeyini temin etmeye y\u00f6nelik gerekli teknik ve idari tedbirleri almay\u0131, gerekli denetimleri yapt\u0131rmay\u0131<br \/>\ntaahh\u00fct eder.<\/p>\n<p>Site \u00fczerinde ba\u015fka uygulamalara link verilmesi halinde, Nurol Holding uygulamalar\u0131n gizlilik politikalar\u0131 ve i\u00e7eriklerine y\u00f6nelik b\u00fcnyesinde herhangi bir sorumluluk ta\u015f\u0131mamaktad\u0131r.<\/p>\n<p>Nurol Holding ki\u015fisel verilerin yukar\u0131daki \u015fartlar \u00e7er\u00e7evesinde kullan\u0131lmas\u0131 sonucu meydana gelebilecek zararlardan dolay\u0131 sorumluluk kabul etmez.<\/p>\n<h5>Gizlilik Politikas\u0131\u2019ndaki De\u011fi\u015fiklikler<\/h5>\n<p>Web Sitesi\u2019nde sunulan hizmetlerden yararlananlar b\u00fct\u00fcn bu \u015fartlar\u0131 okumu\u015f ve kabul etmi\u015f say\u0131l\u0131rlar. Nurol Holding, Gizlilik Politikas\u0131 h\u00fck\u00fcmlerini \u00f6nceden haber vermeksizin de\u011fi\u015ftirme hakk\u0131n\u0131 sakl\u0131 tutar. G\u00fcncel Gizlilik Politikas\u0131, Kullan\u0131c\u0131\u2019ya herhangi bir y\u00f6ntemle sunuldu\u011fu tarihte y\u00fcr\u00fcrl\u00fck kazan\u0131r.<\/p>\n","protected":false},"excerpt":{"rendered":"<p>Gizlilik Politikas\u0131 NUROL HOLD\u0130NG A.\u015e\u2019nin (&#8220;Nurol Holding&#8221;) kullan\u0131c\u0131lar\u0131n (\u201cKullan\u0131c\u0131(lar)\u201d) arzusuna ba\u011fl\u0131 olarak web sitesi (\u201cWeb Sitesi\u201d) \u00fczerinden elde etti\u011fi ki\u015fisel verileri toplarken ve kullan\u0131rken izledi\u011fi prensipler bu Gizlilik Politikas\u0131\u2019nda d\u00fczenlenmektedir. Toplanabilecek Ki\u015fisel Veriler Nurol Holding, Web Sitesi \u00fczerinde, Kullan\u0131c\u0131lar\u0131n arzusuna ba\u011fl\u0131 olarak Kullan\u0131c\u0131\u2019n\u0131n kimlik bilgilerini, e-posta adresi, telefon numaras\u0131 gibi ileti\u015fim bilgilerini, Web Sitesi\u2019ne konu<\/p>\n","protected":false},"author":1,"featured_media":0,"parent":0,"menu_order":0,"comment_status":"closed","ping_status":"closed","template":"","meta":{"rs_blank_template":"","rs_page_bg_color":"","slide_template_v7":"","footnotes":""},"class_list":["post-16922","page","type-page","status-publish","hentry"],"_links":{"self":[{"href":"https:\/\/www.nurol.com.tr\/en\/wp-json\/wp\/v2\/pages\/16922","targetHints":{"allow":["GET"]}}],"collection":[{"href":"https:\/\/www.nurol.com.tr\/en\/wp-json\/wp\/v2\/pages"}],"about":[{"href":"https:\/\/www.nurol.com.tr\/en\/wp-json\/wp\/v2\/types\/page"}],"author":[{"embeddable":true,"href":"https:\/\/www.nurol.com.tr\/en\/wp-json\/wp\/v2\/users\/1"}],"replies":[{"embeddable":true,"href":"https:\/\/www.nurol.com.tr\/en\/wp-json\/wp\/v2\/comments?post=16922"}],"version-history":[{"count":0,"href":"https:\/\/www.nurol.com.tr\/en\/wp-json\/wp\/v2\/pages\/16922\/revisions"}],"wp:attachment":[{"href":"https:\/\/www.nurol.com.tr\/en\/wp-json\/wp\/v2\/media?parent=16922"}],"curies":[{"name":"wp","href":"https:\/\/api.w.org\/{rel}","templated":true}]}}