{"id":12361,"date":"2017-01-05T11:17:10","date_gmt":"2017-01-05T08:17:10","guid":{"rendered":"https:\/\/www.nurol.com.tr\/nurettin-carmikli-kitaplari"},"modified":"2023-12-13T15:31:58","modified_gmt":"2023-12-13T12:31:58","slug":"nurettin-carmikli-books","status":"publish","type":"page","link":"https:\/\/www.nurol.com.tr\/en\/nurettin-carmikli-books","title":{"rendered":"Nurettin \u00c7arm\u0131kl\u0131 Books"},"content":{"rendered":"","protected":false},"excerpt":{"rendered":"","protected":false},"author":1,"featured_media":0,"parent":0,"menu_order":0,"comment_status":"closed","ping_status":"closed","template":"","meta":{"rs_blank_template":"","rs_page_bg_color":"","slide_template_v7":"","footnotes":""},"class_list":["post-12361","page","type-page","status-publish","hentry"],"_links":{"self":[{"href":"https:\/\/www.nurol.com.tr\/en\/wp-json\/wp\/v2\/pages\/12361","targetHints":{"allow":["GET"]}}],"collection":[{"href":"https:\/\/www.nurol.com.tr\/en\/wp-json\/wp\/v2\/pages"}],"about":[{"href":"https:\/\/www.nurol.com.tr\/en\/wp-json\/wp\/v2\/types\/page"}],"author":[{"embeddable":true,"href":"https:\/\/www.nurol.com.tr\/en\/wp-json\/wp\/v2\/users\/1"}],"replies":[{"embeddable":true,"href":"https:\/\/www.nurol.com.tr\/en\/wp-json\/wp\/v2\/comments?post=12361"}],"version-history":[{"count":2,"href":"https:\/\/www.nurol.com.tr\/en\/wp-json\/wp\/v2\/pages\/12361\/revisions"}],"predecessor-version":[{"id":21109,"href":"https:\/\/www.nurol.com.tr\/en\/wp-json\/wp\/v2\/pages\/12361\/revisions\/21109"}],"wp:attachment":[{"href":"https:\/\/www.nurol.com.tr\/en\/wp-json\/wp\/v2\/media?parent=12361"}],"curies":[{"name":"wp","href":"https:\/\/api.w.org\/{rel}","templated":true}]}}